{"id":43394,"date":"2025-02-10T14:01:43","date_gmt":"2025-02-10T12:01:43","guid":{"rendered":"https:\/\/fiesters.com\/fiesters-faqs\/"},"modified":"2025-02-10T14:01:44","modified_gmt":"2025-02-10T12:01:44","slug":"fiesters-faqs","status":"publish","type":"page","link":"https:\/\/fiesters.com\/pt-pt\/fiesters-faqs\/","title":{"rendered":"fiesters FAQs"},"content":{"rendered":"\n<h1 class=\"wp-block-heading\">Fiesters app FAQs<\/h1>\n\n<div style=\"height:15px\" aria-hidden=\"true\" class=\"wp-block-spacer\"><\/div>\n\n<div class=\"wp-block-columns alignwide is-layout-flex wp-container-core-columns-is-layout-2d7698b3 wp-block-columns-is-layout-flex\" style=\"padding-right:0;padding-left:0\">\n<div class=\"wp-block-column has-global-padding is-layout-constrained wp-block-column-is-layout-constrained\">\n<div class=\"wp-block-wpseopress-faq-block-v2\">\n<details id=\"que-es-fiesters-app\" class=\"wp-block-details is-layout-flow wp-block-details-is-layout-flow\" open><summary>O que \u00e9 a aplica\u00e7\u00e3o Fiesters?<\/summary>\n<p>A Fiesters \u00e9 uma rede social &#8211; apenas para convidados &#8211; para pessoas de &#8220;<em>open-minded<\/em>&#8221; que procuram novas experi\u00eancias, vivem com menos tabus e se mant\u00eam atualizadas sobre os planos, festas e eventos no setor do lazer alternativo para adultos.<\/p>\n<\/details>\n\n\n\n<details id=\"que-puedo-hacer-en-la-app\" class=\"wp-block-details is-layout-flow wp-block-details-is-layout-flow\"><summary>O que posso fazer na aplica\u00e7\u00e3o?<\/summary>\n<p>Ver\u00e1 um calend\u00e1rio &#8211; como nenhum outro &#8211; com todas as festas e eventos locais (nacionais e internacionais) para pessoas &#8220;<em>open-minded<\/em>&#8220;, swingers ou <em>kinky<\/em>.\nPode filtrar os planos pelo tipo de ambiente que gosta e seguir as suas marcas ou clubes favoritos para estar a par das novas <em>parties<\/em> e de quem est\u00e1 interessado em participar.<br\/>Criar\u00e1 a sua Agenda de Contactos <em>Hot<\/em> e divertir-se-\u00e1 a partilhar experi\u00eancias e jogos com posts e stories ou a participar em Grupos Privados Tem\u00e1ticos.  <br\/>  <\/p>\n<\/details>\n\n\n\n<details id=\"como-me-registro\" class=\"wp-block-details is-layout-flow wp-block-details-is-layout-flow\"><summary>Como fa\u00e7o para me registar?<\/summary>\n<p>1-Obtenha um c\u00f3digo de convite <mark style=\"background-color:rgba(0, 0, 0, 0)\" class=\"has-inline-color has-accent-3-color\"><a href=\"https:\/\/form.typeform.com\/to\/SnnuYcOZ\" data-type=\"link\" data-id=\"https:\/\/form.typeform.com\/to\/SnnuYcOZ\"><strong>AQUI<\/strong><\/a><\/mark>.<\/p>\n\n\n\n<p>2- Descarregue a aplica\u00e7\u00e3o gratuita <mark style=\"background-color:rgba(0, 0, 0, 0)\" class=\"has-inline-color has-accent-3-color\"><strong><a href=\"https:\/\/urlgeni.us\/fiesters\" data-type=\"link\" data-id=\"https:\/\/urlgeni.us\/fiesters\">AQUI<\/a><\/strong><\/mark>.<\/p>\n<\/details>\n\n\n\n<details id=\"que-tipo-de-gente-encontrare-en-fiesters\" class=\"wp-block-details is-layout-flow wp-block-details-is-layout-flow\"><summary>Que tipo de pessoas vou encontrar nas fiesters app?<\/summary>\n<p>Encontrar\u00e1 todos os tipos de pessoas: casais, mulheres, homem em busca de novas experi\u00eancias, relacionamentos abertos, poliamor e outros tipos de relacionamentos \u00e9ticos n\u00e3o monog\u00e2micos, swingers, amantes de fetish e BDSM, <em>kinksters<\/em> e festeiros &#8220;<em>open-minded<\/em>&#8221; em busca de divers\u00e3o.<\/p>\n<\/details>\n\n\n\n<details id=\"y-mi-privacidad-si-me-creo-un-perfil-me-ve-toda-la-comunidad\" class=\"wp-block-details is-layout-flow wp-block-details-is-layout-flow\"><summary>E a minha privacidade?\nSe criar um perfil, toda a Comunidade me poder\u00e1 ver? <\/summary>\n<p>Depende das suas defini\u00e7\u00f5es de privacidade na aplica\u00e7\u00e3o.\nPode optar por n\u00e3o ser vis\u00edvel (ou contact\u00e1vel) por tipos de utilizadores, seja por localiza\u00e7\u00e3o, g\u00e9nero, idade, valida\u00e7\u00f5es e afinidade, entre outros. <\/p>\n<\/details>\n\n\n\n<details id=\"y-eventos-y-fiestas-cuales-encontrare\" class=\"wp-block-details is-layout-flow wp-block-details-is-layout-flow\"><summary>E eventos e festas?\nQuais encontrarei? <\/summary>\n<p>Descobrir\u00e1 festas p\u00fablicas e privadas oficiais com temas fetichistas\/kinky, swingers e &#8220;<em>open-mind<\/em>&#8221; Grandes festas ou eventos de luxo mais intimistas e selecionados.\nDescobrir\u00e1 tamb\u00e9m workshops, encontros, viagens e escapadinhas. <\/p>\n<\/details>\n\n\n\n<details id=\"fiesters-es-gratis-o-tengo-que-pagar\" class=\"wp-block-details is-layout-flow wp-block-details-is-layout-flow\"><summary>O Fiesters \u00e9 gratuito?\nOu tenho de pagar&#8230; <\/summary>\n<p>Pode descarregar a aplica\u00e7\u00e3o gratuita <em>fiesters<\/em> <strong><mark style=\"background-color:rgba(0, 0, 0, 0)\" class=\"has-inline-color has-accent-3-color\"><a href=\"https:\/\/urlgeni.us\/fiesters\" data-type=\"link\" data-id=\"https:\/\/urlgeni.us\/fiesters\">AQUI<\/a><\/mark><\/strong> e ficar\u00e1 a par de todos os eventos, festas e planos da sua cidade.<br\/>Se pretende melhorar a sua experi\u00eancia de utilizador e descobrir todos os segredos do mundo das festas, pode adquirir um Plano de Subscri\u00e7\u00e3o e usufruir de funcionalidades Premium como o envio ilimitado de pedidos de contacto e mensagens, acesso a Grupos Privados, publica\u00e7\u00e3o de datas e viagens, aumento da visibilidade do seu perfil entre muitas outras fun\u00e7\u00f5es.<\/p>\n<\/details>\n\n\n\n<details id=\"donde-esta-disponible-fiesters-app\" class=\"wp-block-details is-layout-flow wp-block-details-is-layout-flow\"><summary>Onde est\u00e1 dispon\u00edvel a aplica\u00e7\u00e3o Fiesters?<\/summary>\n<p>Em fevereiro de 2025, encontrar\u00e1 milhares de utilizadores e centenas de eventos e planos mensais em Portugal e Espanha.\nDurante o inverno e a primavera de 2025, ver\u00e1 os foli\u00f5es a desembarcar em massa noutros destinos.\nFique a par das \u00faltimas novidades do mundo das fiesters assinando gratuitamente a nossa Playmood Magazine!   <\/p>\n<\/details>\n<script type=\"application\/ld+json\">{\"@context\":\"https:\/\/schema.org\",\"@type\":\"FAQPage\",\"url\":\"https:\/\/fiesters.com\/faqs\/\",\"@id\":\"https:\/\/fiesters.com\/faqs\/\",\"mainEntity\":[{\"@type\":\"Question\",\"url\":\"https:\/\/fiesters.com\/faqs\/#que-es-fiesters-app\",\"name\":\"\u00bfQu\u00e9 es fiesters app?\",\"acceptedAnswer\":{\"@type\":\"Answer\",\"answerCount\":1,\"text\":\"&lt;p>Fiesters es una Red Social - solo por invitaci\u00f3n - para personas \\\"&lt;em>open-minded&lt;\/em>\\\" que buscan nuevas experiencias, vivir con menos tab\u00fas, y estar al d\u00eda de planes, fiestas, y eventos del sector del Ocio Adulto Alternativo.&lt;\/p>\"}},{\"@type\":\"Question\",\"url\":\"https:\/\/fiesters.com\/faqs\/#que-puedo-hacer-en-la-app\",\"name\":\"\u00bfQu\u00e9 puedo hacer en la app?\",\"acceptedAnswer\":{\"@type\":\"Answer\",\"answerCount\":1,\"text\":\"&lt;p>Ver\u00e1s un calendario -como ninguno - con todas las fiestas y eventos locales (nacionales e internacionales) para gente &lt;em>open-minded&lt;\/em>, swinger o &lt;em>kinkster&lt;\/em>. Podr\u00e1s filtrar planes por el tipo de rollo te gusta y seguir a tus marcas o clubs favoritos para estar al d\u00eda de nuevas &lt;em>parties&lt;\/em> y qui\u00e9n est\u00e1 interesado en asistir.   &lt;br>Crear\u00e1s tu Agenda de Contactos &lt;em>hot&lt;\/em> \ud83d\udd25 y te divertir\u00e1s compartiendo experiencias y travesuras con posts y stories o uni\u00e9ndote a Grupos Privados Tem\u00e1ticos. &lt;br>  &lt;\/p>\"}},{\"@type\":\"Question\",\"url\":\"https:\/\/fiesters.com\/faqs\/#como-me-registro\",\"name\":\"\u00bfC\u00f3mo me registro?\",\"acceptedAnswer\":{\"@type\":\"Answer\",\"answerCount\":1,\"text\":\"&lt;p>1-Consigue un c\u00f3digo de invitaci\u00f3n &lt;a href=\\\"https:\/\/form.typeform.com\/to\/MgG5tbA5\\\" data-type=\\\"link\\\" data-id=\\\"https:\/\/form.typeform.com\/to\/MgG5tbA5\\\">&lt;strong>&lt;mark style=\\\"background-color:rgba(0, 0, 0, 0)\\\" class=\\\"has-inline-color has-accent-3-color\\\">AQU\u00cd&lt;\/mark>&lt;\/strong>&lt;\/a>.&lt;\/p>&lt;p>2- Descargar gratis la app &lt;a href=\\\"https:\/\/urlgeni.us\/fiesters\\\" data-type=\\\"link\\\" data-id=\\\"https:\/\/urlgeni.us\/fiesters\\\">&lt;strong>&lt;mark style=\\\"background-color:rgba(0, 0, 0, 0)\\\" class=\\\"has-inline-color has-accent-3-color\\\">AQU\u00cd&lt;\/mark>&lt;\/strong>&lt;\/a>.&lt;\/p>\"}},{\"@type\":\"Question\",\"url\":\"https:\/\/fiesters.com\/faqs\/#que-tipo-de-gente-encontrare-en-fiesters\",\"name\":\"\u00bfQu\u00e9 tipo de gente encontrar\u00e9 en fiesters?\",\"acceptedAnswer\":{\"@type\":\"Answer\",\"answerCount\":1,\"text\":\"&lt;p>Encontrar\u00e1s todo tipo de gente: parejas y chicXs en busca de nuevas experiencias, relaciones abiertas, polyamor y otros tipos de Relaciones \u00c9ticas No Mon\u00f3gamas, swingers, amantes del fetish y el BDSM, &lt;em>kinksters&lt;\/em> y fiesteros &lt;em>open-minded&lt;\/em> en busca de diversi\u00f3n.&lt;\/p>\"}},{\"@type\":\"Question\",\"url\":\"https:\/\/fiesters.com\/faqs\/#y-mi-privacidad-si-me-creo-un-perfil-me-ve-toda-la-comunidad\",\"name\":\"\u00bfY mi privacidad? \u00bfSi me creo un perfil, me ve toda la Comunidad?\",\"acceptedAnswer\":{\"@type\":\"Answer\",\"answerCount\":1,\"text\":\"&lt;p>Depende de tus Ajustes de Privacidad en la app. Puedes escoger no ser visible (ni contactable) por tipos de usuarios ya sea por localidad, g\u00e9nero, edad, validaciones, y afinidad entre otros.&lt;\/p>\"}},{\"@type\":\"Question\",\"url\":\"https:\/\/fiesters.com\/faqs\/#y-eventos-y-fiestas-cuales-encontrare\",\"name\":\"\u00bfY eventos y fiestas? \u00bfCu\u00e1les encontrar\u00e9?\",\"acceptedAnswer\":{\"@type\":\"Answer\",\"answerCount\":1,\"text\":\"&lt;p>Descubrir\u00e1s fiestas Oficiales p\u00fablicas y privadas de tem\u00e1tica fetish\/kinky, swinger y para un p\u00fablico \\\"&lt;em>open-mind&lt;\/em>\\\"; Fiestones masivos o eventos de lujo m\u00e1s \u00edntimos y selectos. Adem\u00e1s descubrir\u00e1s tambi\u00e9n workshops y talleres, quedadas, viajes, y escapadas.&lt;\/p>\"}},{\"@type\":\"Question\",\"url\":\"https:\/\/fiesters.com\/faqs\/#fiesters-es-gratis-o-tengo-que-pagar\",\"name\":\"\u00bfFiesters es gratis? O tengo que pagar...\",\"acceptedAnswer\":{\"@type\":\"Answer\",\"answerCount\":1,\"text\":\"&lt;p>Te puedes descargar &lt;em>fiesters&lt;\/em> app gratis &lt;a href=\\\"https:\/\/urlgeni.us\/fiesters\\\" data-type=\\\"link\\\" data-id=\\\"https:\/\/urlgeni.us\/fiesters\\\">&lt;mark style=\\\"background-color:rgba(0, 0, 0, 0)\\\" class=\\\"has-inline-color has-accent-3-color\\\">&lt;strong>AQU\u00cd&lt;\/strong>&lt;\/mark>&lt;\/a> y estar\u00e1s al d\u00eda de todos los eventos, fiestas y planes en tu ciudad.&lt;br>Si quieres mejorar tu experiencia de usuario y descubrir todos los secretos del mundo fiesters, puedes comprar un Plan de Suscripci\u00f3n y disfrutar de funciones Premium como mandar solicitudes de contacto y mensajes ilimitados, acceder a Grupos Privados, publicar citas y viajes, incrementar la visibilidad de tu perfil entre muchas otras funciones.&lt;\/p>\"}},{\"@type\":\"Question\",\"url\":\"https:\/\/fiesters.com\/faqs\/#donde-esta-disponible-fiesters-app\",\"name\":\"\u00bfD\u00f3nde est\u00e1 disponible Fiesters app?\",\"acceptedAnswer\":{\"@type\":\"Answer\",\"answerCount\":1,\"text\":\"&lt;p>En fecha de Febrero 2025 encontrar\u00e1s miles de usuarios y centenares de eventos y planes mensuales en Portugal y Espa\u00f1a. Durante este invierno - primavera 2025 ver\u00e1s que fiesters aterriza fuerte en otros destinos. Est\u00e1te al d\u00eda de las novedades del mundo Fiesters Subscribi\u00e9ndote gratis a nuestra Magazine. &lt;\/p>\"}}]}<\/script><\/div>\n<\/div>\n<\/div>\n\n          \n\n          <div data-tf-live=\"01JHFJEJER5T64P5PPADN32WC4\"><\/div>\n          <script src=\"\/\/embed.typeform.com\/next\/embed.js\"><\/script>\n          \n\n        \n","protected":false},"excerpt":{"rendered":"<p>Fiesters app FAQs<\/p>\n","protected":false},"author":5,"featured_media":0,"parent":0,"menu_order":0,"comment_status":"closed","ping_status":"closed","template":"","meta":{"footnotes":""},"class_list":["post-43394","page","type-page","status-publish","hentry"],"_links":{"self":[{"href":"https:\/\/fiesters.com\/pt-pt\/wp-json\/wp\/v2\/pages\/43394","targetHints":{"allow":["GET"]}}],"collection":[{"href":"https:\/\/fiesters.com\/pt-pt\/wp-json\/wp\/v2\/pages"}],"about":[{"href":"https:\/\/fiesters.com\/pt-pt\/wp-json\/wp\/v2\/types\/page"}],"author":[{"embeddable":true,"href":"https:\/\/fiesters.com\/pt-pt\/wp-json\/wp\/v2\/users\/5"}],"replies":[{"embeddable":true,"href":"https:\/\/fiesters.com\/pt-pt\/wp-json\/wp\/v2\/comments?post=43394"}],"version-history":[{"count":1,"href":"https:\/\/fiesters.com\/pt-pt\/wp-json\/wp\/v2\/pages\/43394\/revisions"}],"predecessor-version":[{"id":43395,"href":"https:\/\/fiesters.com\/pt-pt\/wp-json\/wp\/v2\/pages\/43394\/revisions\/43395"}],"wp:attachment":[{"href":"https:\/\/fiesters.com\/pt-pt\/wp-json\/wp\/v2\/media?parent=43394"}],"curies":[{"name":"wp","href":"https:\/\/api.w.org\/{rel}","templated":true}]}}