{"id":43383,"date":"2025-02-10T13:57:07","date_gmt":"2025-02-10T11:57:07","guid":{"rendered":"https:\/\/fiesters.com\/sobre-o-projeto-fiesters\/"},"modified":"2025-02-10T13:57:07","modified_gmt":"2025-02-10T11:57:07","slug":"sobre-o-projeto-fiesters","status":"publish","type":"page","link":"https:\/\/fiesters.com\/pt-pt\/sobre-o-projeto-fiesters\/","title":{"rendered":"sobre o projeto fiesters"},"content":{"rendered":"\n<div class=\"wp-block-group alignfull has-global-padding is-layout-constrained wp-container-core-group-is-layout-1b39f0d1 wp-block-group-is-layout-constrained\" style=\"padding-top:var(--wp--preset--spacing--40);padding-right:var(--wp--preset--spacing--50);padding-bottom:var(--wp--preset--spacing--50);padding-left:var(--wp--preset--spacing--50)\">\n<div class=\"wp-block-group has-global-padding is-layout-constrained wp-container-core-group-is-layout-650790e1 wp-block-group-is-layout-constrained\">\n<h1 class=\"wp-block-heading has-text-align-center has-x-large-font-size\">\u00c9 sempre melhor viver uma fantasia do que sonh\u00e1-la.<\/h1>\n\n\n\n<div style=\"height:1.25rem\" aria-hidden=\"true\" class=\"wp-block-spacer\"><\/div>\n\n\n\n<p class=\"has-text-align-center\">A ideia dos Fiesters nasceu em Barcelona, \u200b\u200bno in\u00edcio de 2021. Hoje, continuamos a viver as nossas fantasias. <\/p>\n\n\n\n<div style=\"height:1.25rem\" aria-hidden=\"true\" class=\"wp-block-spacer\"><\/div>\n\n\n\n<div class=\"wp-block-buttons is-content-justification-center is-layout-flex wp-container-core-buttons-is-layout-a89b3969 wp-block-buttons-is-layout-flex\">\n<div class=\"wp-block-button is-style-outline is-style-outline--1\"><a class=\"wp-block-button__link wp-element-button\" href=\"https:\/\/www.linkedin.com\/company\/fiesters\/\">Siga-nos no LinkedIn<\/a><\/div>\n<\/div>\n<\/div>\n<\/div>\n\n<div class=\"wp-block-group alignfull has-global-padding is-layout-constrained wp-container-core-group-is-layout-11910ff2 wp-block-group-is-layout-constrained\" style=\"margin-top:0;margin-bottom:0;padding-top:0;padding-right:var(--wp--preset--spacing--50);padding-bottom:var(--wp--preset--spacing--50);padding-left:var(--wp--preset--spacing--50)\">\n<div class=\"wp-block-group is-vertical is-content-justification-center is-layout-flex wp-container-core-group-is-layout-52b864f0 wp-block-group-is-layout-flex\">\n<h1 class=\"wp-block-heading has-text-align-center is-style-asterisk has-large-font-size\">\u00a1TAB\u00daS GO HOME!<\/h1>\n\n\n\n<div style=\"height:0px\" aria-hidden=\"true\" class=\"wp-block-spacer wp-container-content-4f2ccadb\"><\/div>\n\n\n\n<p class=\"has-text-align-center\">A nossa miss\u00e3o \u00e9 ser uma ferramenta \u00fatil para um p\u00fablico cada vez mais adulto que procura divertir-se e viver novas experi\u00eancias sem tanto preconceito e velhos costumes e cren\u00e7as.<\/p>\n\n\n\n<p class=\"has-text-align-center\">\n          <br\/>\n        <\/p>\n<\/div>\n\n\n\n<div class=\"wp-block-columns alignwide is-layout-flex wp-container-core-columns-is-layout-d0bbbce0 wp-block-columns-is-layout-flex\">\n<div class=\"wp-block-column is-layout-flow wp-container-core-column-is-layout-e3d1c41b wp-block-column-is-layout-flow\">\n<h3 class=\"wp-block-heading has-text-align-left is-style-asterisk has-medium-font-size\" style=\"font-style:normal;font-weight:600\">Liberdade individual e respeito<\/h3>\n\n\n\n<p class=\"has-text-align-left\">Apreciamos o que gostamos e respeitamos o gosto dos outros. <\/p>\n<\/div>\n\n\n\n<div class=\"wp-block-column is-layout-flow wp-container-core-column-is-layout-e3d1c41b wp-block-column-is-layout-flow\">\n<h3 class=\"wp-block-heading has-text-align-left is-style-asterisk has-medium-font-size\" style=\"font-style:normal;font-weight:600\">N\u00f3s exploramos e descobrimos<\/h3>\n\n\n\n<p class=\"has-text-align-left\">A monotonia mata-nos. Vivemos numa busca permanente por novas aventuras. <\/p>\n<\/div>\n<\/div>\n<\/div>\n\n<div class=\"wp-block-group alignfull has-global-padding is-layout-constrained wp-container-core-group-is-layout-a57075f0 wp-block-group-is-layout-constrained\" style=\"margin-top:0;margin-bottom:var(--wp--preset--spacing--50);padding-top:0;padding-right:var(--wp--preset--spacing--50);padding-bottom:0;padding-left:var(--wp--preset--spacing--50)\">\n<div class=\"wp-block-group alignwide has-global-padding is-layout-constrained wp-container-core-group-is-layout-19e250f3 wp-block-group-is-layout-constrained\">\n<div class=\"wp-block-group is-vertical is-content-justification-center is-layout-flex wp-container-core-group-is-layout-6329a8f3 wp-block-group-is-layout-flex\">\n<h1 class=\"wp-block-heading has-text-align-center is-style-asterisk has-large-font-size\">COMPROMISSO<\/h1>\n\n\n\n<p class=\"has-text-align-center\">Na Fiesters, trabalhamos para oferecer uma proposta de valor s\u00f3lida para o mercado de entretenimento alternativo para adultos.<\/p>\n<\/div>\n\n\n\n<div style=\"height:var(--wp--preset--spacing--40)\" aria-hidden=\"true\" class=\"wp-block-spacer\"><\/div>\n\n\n\n<div class=\"wp-block-columns alignwide is-layout-flex wp-container-core-columns-is-layout-d1c656ed wp-block-columns-is-layout-flex\">\n<div class=\"wp-block-column is-vertically-aligned-center is-layout-flow wp-block-column-is-layout-flow\" style=\"flex-basis:40%\">\n<h3 class=\"wp-block-heading is-style-asterisk\">Localizador de planos e Eventos<\/h3>\n\n\n\n<p class=\"is-style-checkmark-list\">O nosso objetivo \u00e9 facilitar-lhe a abertura da aplica\u00e7\u00e3o Fiesters para descobrir quais s\u00e3o os planos para este fim de semana do que perguntar a um amigo no WhatsApp.<\/p>\n\n\n\n<p class=\"has-medium-font-size\">\ud83d\udc49 Conhece algum motor de busca de planos alternativos? Agora sim.  <\/p>\n<\/div>\n\n\n\n<div class=\"wp-block-column is-layout-flow wp-block-column-is-layout-flow\" style=\"flex-basis:50%\">\n<figure class=\"wp-block-image size-large is-style-rounded is-style-rounded--2\"><img loading=\"lazy\" decoding=\"async\" width=\"1024\" height=\"683\" src=\"https:\/\/fiesters.com\/wp-content\/uploads\/2025\/02\/fiesters-couple-dancing-about-app-social-swinger-open-minded-1024x683.png\" alt=\"\" class=\"wp-image-42832\" srcset=\"https:\/\/fiesters.com\/wp-content\/uploads\/2025\/02\/fiesters-couple-dancing-about-app-social-swinger-open-minded-1024x683.png 1024w, https:\/\/fiesters.com\/wp-content\/uploads\/2025\/02\/fiesters-couple-dancing-about-app-social-swinger-open-minded-300x200.png 300w, https:\/\/fiesters.com\/wp-content\/uploads\/2025\/02\/fiesters-couple-dancing-about-app-social-swinger-open-minded-768x512.png 768w, https:\/\/fiesters.com\/wp-content\/uploads\/2025\/02\/fiesters-couple-dancing-about-app-social-swinger-open-minded-1536x1024.png 1536w, https:\/\/fiesters.com\/wp-content\/uploads\/2025\/02\/fiesters-couple-dancing-about-app-social-swinger-open-minded-2048x1365.png 2048w\" sizes=\"auto, (max-width: 1024px) 100vw, 1024px\" \/><\/figure>\n<\/div>\n<\/div>\n\n\n\n<div style=\"height:var(--wp--preset--spacing--40)\" aria-hidden=\"true\" class=\"wp-block-spacer\"><\/div>\n\n\n\n<div class=\"wp-block-columns alignwide is-layout-flex wp-container-core-columns-is-layout-d1c656ed wp-block-columns-is-layout-flex\">\n<div class=\"wp-block-column is-layout-flow wp-block-column-is-layout-flow\" style=\"flex-basis:50%\">\n<figure class=\"wp-block-image size-large is-style-rounded is-style-rounded--3\"><img loading=\"lazy\" decoding=\"async\" width=\"1024\" height=\"683\" src=\"https:\/\/fiesters.com\/wp-content\/uploads\/2025\/02\/fiesters-about-app-social-swinger-open-minded-1024x683.png\" alt=\"\" class=\"wp-image-42829\" srcset=\"https:\/\/fiesters.com\/wp-content\/uploads\/2025\/02\/fiesters-about-app-social-swinger-open-minded-1024x683.png 1024w, https:\/\/fiesters.com\/wp-content\/uploads\/2025\/02\/fiesters-about-app-social-swinger-open-minded-300x200.png 300w, https:\/\/fiesters.com\/wp-content\/uploads\/2025\/02\/fiesters-about-app-social-swinger-open-minded-768x512.png 768w, https:\/\/fiesters.com\/wp-content\/uploads\/2025\/02\/fiesters-about-app-social-swinger-open-minded-1536x1024.png 1536w, https:\/\/fiesters.com\/wp-content\/uploads\/2025\/02\/fiesters-about-app-social-swinger-open-minded-2048x1365.png 2048w\" sizes=\"auto, (max-width: 1024px) 100vw, 1024px\" \/><\/figure>\n<\/div>\n\n\n\n<div class=\"wp-block-column is-vertically-aligned-center is-layout-flow wp-block-column-is-layout-flow\" style=\"flex-basis:40%\">\n<h3 class=\"wp-block-heading is-style-asterisk\">O Seu Lado Privado<\/h3>\n\n\n\n<p class=\"is-style-checkmark-list\">Queremos oferecer-lhe um espa\u00e7o seguro e verdadeiramente privado, onde poder\u00e1 explorar as suas fantasias e viver as suas aventuras. <\/p>\n\n\n\n<p class=\"has-medium-font-size\">\ud83d\udc49 N\u00e3o vendemos nem nunca venderemos os seus dados a terceiros. Pode rever os nossos <a href=\"https:\/\/fiesters.com\/tos-page\/\" data-type=\"page\" data-id=\"17746\">Termos<\/a> aqui. <\/p>\n<\/div>\n<\/div>\n<\/div>\n<\/div>\n\n<div class=\"wp-block-group alignfull has-base-color has-contrast-background-color has-text-color has-background has-global-padding is-layout-constrained wp-container-core-group-is-layout-cbbc150a wp-block-group-is-layout-constrained\" style=\"margin-top:0;margin-bottom:var(--wp--preset--spacing--40);padding-top:var(--wp--preset--spacing--50);padding-right:var(--wp--preset--spacing--60);padding-bottom:var(--wp--preset--spacing--50);padding-left:var(--wp--preset--spacing--60)\">\n<div class=\"wp-block-group has-global-padding is-layout-constrained wp-block-group-is-layout-constrained\">\n<p class=\"has-text-align-center has-base-color has-text-color has-heading-font-family has-large-font-size\" style=\"line-height:1.2\">\n          <em>\u201cAproveitar a vida \u00e9 uma das poucas coisas que a tua m\u00e3e n\u00e3o te far\u00e1\u201d<\/em>\n        <\/p>\n\n\n\n<div class=\"wp-block-group is-vertical is-content-justification-center is-nowrap is-layout-flex wp-container-core-group-is-layout-2e32b2fb wp-block-group-is-layout-flex\" style=\"margin-top:0;margin-bottom:0\">\n<p class=\"has-text-align-center has-medium-font-size\" style=\"margin-top:var(--wp--preset--spacing--10);margin-bottom:0\">Pablo L.<\/p>\n\n\n\n<p class=\"has-text-align-center has-contrast-3-color has-text-color has-small-font-size\" style=\"font-style:normal;font-weight:300\">\n          <em>Founder<\/em>\n        <\/p>\n<\/div>\n<\/div>\n<\/div>\n\n<div style=\"height:39px\" aria-hidden=\"true\" class=\"wp-block-spacer\"><\/div>\n\n<h1 class=\"wp-block-heading has-x-large-font-size\">Acompanhe a nossa aventura com a MAGAZINE<\/h1>\n\n<div style=\"height:20px\" aria-hidden=\"true\" class=\"wp-block-spacer\"><\/div>\n<ul class=\"wp-block-latest-posts__list wp-block-latest-posts\"><li><div class=\"wp-block-latest-posts__featured-image\"><img loading=\"lazy\" decoding=\"async\" width=\"300\" height=\"150\" src=\"https:\/\/fiesters.com\/wp-content\/uploads\/2025\/01\/Post-1-Fiesters-app-playmood-swinger-kinky-fetish-news-Magazine-cover_-1-300x150.png\" class=\"attachment-medium size-medium wp-post-image\" alt=\"\" style=\"\" srcset=\"https:\/\/fiesters.com\/wp-content\/uploads\/2025\/01\/Post-1-Fiesters-app-playmood-swinger-kinky-fetish-news-Magazine-cover_-1-300x150.png 300w, https:\/\/fiesters.com\/wp-content\/uploads\/2025\/01\/Post-1-Fiesters-app-playmood-swinger-kinky-fetish-news-Magazine-cover_-1.png 600w\" sizes=\"auto, (max-width: 300px) 100vw, 300px\" \/><\/div><a class=\"wp-block-latest-posts__post-title\" href=\"https:\/\/fiesters.com\/pt-pt\/playmood-magazine\/\">Playmood Magazine<\/a><div class=\"wp-block-latest-posts__post-excerpt\">Hoje iniciamos uma aventura pelos pontos mais quentes do nosso pequeno planeta; cidade para cidade; pa\u00eds a pa\u00eds e continente a continente.<\/div><\/li>\n<\/ul>\n<p><\/p>\n","protected":false},"excerpt":{"rendered":"<p>\u00c9 sempre melhor viver uma fantasia do que sonh\u00e1-la. A ideia dos Fiesters nasceu em Barcelona, \u200b\u200bno in\u00edcio de 2021. Hoje, continuamos a viver as nossas fantasias. \u00a1TAB\u00daS GO HOME! A nossa miss\u00e3o \u00e9 ser uma ferramenta \u00fatil para um p\u00fablico cada vez mais adulto que procura divertir-se e viver novas experi\u00eancias sem tanto preconceito [&hellip;]<\/p>\n","protected":false},"author":5,"featured_media":0,"parent":0,"menu_order":0,"comment_status":"closed","ping_status":"closed","template":"","meta":{"footnotes":""},"class_list":["post-43383","page","type-page","status-publish","hentry"],"_links":{"self":[{"href":"https:\/\/fiesters.com\/pt-pt\/wp-json\/wp\/v2\/pages\/43383","targetHints":{"allow":["GET"]}}],"collection":[{"href":"https:\/\/fiesters.com\/pt-pt\/wp-json\/wp\/v2\/pages"}],"about":[{"href":"https:\/\/fiesters.com\/pt-pt\/wp-json\/wp\/v2\/types\/page"}],"author":[{"embeddable":true,"href":"https:\/\/fiesters.com\/pt-pt\/wp-json\/wp\/v2\/users\/5"}],"replies":[{"embeddable":true,"href":"https:\/\/fiesters.com\/pt-pt\/wp-json\/wp\/v2\/comments?post=43383"}],"version-history":[{"count":1,"href":"https:\/\/fiesters.com\/pt-pt\/wp-json\/wp\/v2\/pages\/43383\/revisions"}],"predecessor-version":[{"id":43386,"href":"https:\/\/fiesters.com\/pt-pt\/wp-json\/wp\/v2\/pages\/43383\/revisions\/43386"}],"wp:attachment":[{"href":"https:\/\/fiesters.com\/pt-pt\/wp-json\/wp\/v2\/media?parent=43383"}],"curies":[{"name":"wp","href":"https:\/\/api.w.org\/{rel}","templated":true}]}}