{"id":43365,"date":"2025-02-10T13:52:13","date_gmt":"2025-02-10T11:52:13","guid":{"rendered":"https:\/\/fiesters.com\/rede-social-y-comunidade\/"},"modified":"2025-02-10T15:18:13","modified_gmt":"2025-02-10T13:18:13","slug":"rede-social-y-comunidade","status":"publish","type":"page","link":"https:\/\/fiesters.com\/pt-pt\/rede-social-y-comunidade\/","title":{"rendered":"Rede Social y Comunidade"},"content":{"rendered":"\n<div class=\"wp-block-group alignfull has-global-padding is-layout-constrained wp-container-core-group-is-layout-11910ff2 wp-block-group-is-layout-constrained\" style=\"margin-top:0;margin-bottom:0;padding-top:0;padding-right:var(--wp--preset--spacing--50);padding-bottom:var(--wp--preset--spacing--50);padding-left:var(--wp--preset--spacing--50)\">\n<div style=\"height:20px\" aria-hidden=\"true\" class=\"wp-block-spacer\"><\/div>\n\n\n\n<h1 class=\"wp-block-heading has-text-align-left has-x-large-font-size\" style=\"font-style:normal;font-weight:1000;line-height:0.9;text-transform:uppercase\"><em>Dating<\/em> sem tabus<\/h1>\n\n\n\n<div class=\"wp-block-group is-vertical is-content-justification-center is-layout-flex wp-container-core-group-is-layout-52b864f0 wp-block-group-is-layout-flex\">\n<div style=\"height:20px\" aria-hidden=\"true\" class=\"wp-block-spacer wp-container-content-62aae154\"><\/div>\n\n\n\n<figure class=\"wp-block-image size-full has-custom-border\"><img decoding=\"async\" src=\"https:\/\/fiesters.com\/wp-content\/uploads\/2025\/01\/edited_1.gif\" alt=\"\" class=\"wp-image-41487\" style=\"border-radius:18px\"\/><\/figure>\n\n\n\n<div style=\"margin-top:0;margin-bottom:0;height:0px\" aria-hidden=\"true\" class=\"wp-block-spacer wp-container-content-cf2db169\"><\/div>\n\n\n\n<h2 class=\"wp-block-heading has-text-align-center\" style=\"font-size:clamp(17.905px, 1.119rem + ((1vw - 3.2px) * 1.052), 28px);\">Crie o seu perfil e adicione os seus gostos. Explore e descubra planos e pessoas que lhe interessam. <\/h2>\n<\/div>\n\n\n\n<div style=\"margin-top:0;margin-bottom:0;height:30px\" aria-hidden=\"true\" class=\"wp-block-spacer\"><\/div>\n\n\n\n<div class=\"wp-block-columns alignwide is-layout-flex wp-container-core-columns-is-layout-08c01c1c wp-block-columns-is-layout-flex\">\n<div class=\"wp-block-column is-layout-flow wp-container-core-column-is-layout-e3d1c41b wp-block-column-is-layout-flow\">\n<figure class=\"wp-block-image size-full has-custom-border\"><img loading=\"lazy\" decoding=\"async\" width=\"800\" height=\"500\" src=\"https:\/\/fiesters.com\/wp-content\/uploads\/2025\/01\/2-fiesters-app-social-network-dating-swinger-fetish.gif\" alt=\"\" class=\"has-border-color has-accent-2-border-color wp-image-41520\" style=\"border-width:4px;border-radius:20px\"\/><\/figure>\n\n\n\n<h3 class=\"wp-block-heading has-text-align-left is-style-default has-body-font-family has-large-font-size\" style=\"font-style:normal;font-weight:800\">Encontre &#8220;<em>partners in crime<\/em>&#8221; para a sua pr\u00f3xima aventura<\/h3>\n\n\n\n<p class=\"has-text-align-left has-medium-font-size\">Filtre o que procura, descubra planos e datas na sua regi\u00e3o e conhe\u00e7a pessoas com as mesmas fantasias que voc\u00ea. <\/p>\n<\/div>\n\n\n\n<div class=\"wp-block-column is-layout-flow wp-container-core-column-is-layout-e3d1c41b wp-block-column-is-layout-flow\">\n<figure class=\"wp-block-image size-full has-custom-border\"><img loading=\"lazy\" decoding=\"async\" width=\"800\" height=\"500\" src=\"https:\/\/fiesters.com\/wp-content\/uploads\/2025\/01\/Comp-1_2.gif\" alt=\"\" class=\"has-border-color has-accent-2-border-color wp-image-41521\" style=\"border-width:4px;border-radius:20px\"\/><\/figure>\n\n\n\n<h3 class=\"wp-block-heading has-text-align-left is-style-default has-body-font-family has-large-font-size\" style=\"font-style:normal;font-weight:800\">Divirta-se a partilhar Posts e Stories com os seus contactos<\/h3>\n\n\n\n<p class=\"has-text-align-left has-medium-font-size\">Crie a sua Agenda de Contactos Quentes <em>HOT<\/em> para partilhar as suas partidas e ficar a par dos planos da sua festa.<\/p>\n<\/div>\n\n\n\n<div class=\"wp-block-column is-layout-flow wp-container-core-column-is-layout-e3d1c41b wp-block-column-is-layout-flow\">\n<figure class=\"wp-block-image size-full has-custom-border\"><img loading=\"lazy\" decoding=\"async\" width=\"800\" height=\"500\" src=\"https:\/\/fiesters.com\/wp-content\/uploads\/2025\/01\/grupos-privados-swinger-fiesters-app.gif\" alt=\"\" class=\"has-border-color has-accent-2-border-color wp-image-41526\" style=\"border-width:4px;border-radius:20px\"\/><\/figure>\n\n\n\n<h3 class=\"wp-block-heading has-text-align-left is-style-default has-body-font-family has-large-font-size\" style=\"font-style:normal;font-weight:800\">Junte-se a Grupos tem\u00e1ticos privados<\/h3>\n\n\n\n<p class=\"has-text-align-left has-medium-font-size\">Descobrir\u00e1 centenas de grupos privados de casais, raparigas e rapazes de mente aberta, swingers, fetish, kinky, BDSM, comunidades, eventos e locais.<\/p>\n<\/div>\n<\/div>\n<\/div>\n\n<div class=\"wp-block-group alignfull has-global-padding is-layout-constrained wp-container-core-group-is-layout-b5514305 wp-block-group-is-layout-constrained\" style=\"margin-top:0;margin-bottom:0;padding-top:0;padding-right:var(--wp--preset--spacing--50);padding-bottom:var(--wp--preset--spacing--50);padding-left:var(--wp--preset--spacing--50)\">\n<div class=\"wp-block-group alignwide has-global-padding is-layout-constrained wp-container-core-group-is-layout-39412042 wp-block-group-is-layout-constrained has-background\" style=\"border-style:none;border-width:0px;border-radius:16px;padding-top:var(--wp--preset--spacing--40);padding-right:var(--wp--preset--spacing--50);padding-bottom:var(--wp--preset--spacing--40);padding-left:var(--wp--preset--spacing--50);background-image:url(&#039;https:\/\/fiesters.com\/wp-content\/uploads\/2025\/02\/3-fiesters-app-social-community-parties-fiestas-swinger-kinky.png&#039;);background-size:cover;\">\n<div style=\"height:var(--wp--preset--spacing--10)\" aria-hidden=\"true\" class=\"wp-block-spacer\"><\/div>\n\n\n\n<h2 class=\"wp-block-heading has-text-align-center has-base-2-color has-text-color has-link-color has-x-large-font-size wp-elements-62cadf4876081232604818ea3c3b710d\">Procura um plano?<\/h2>\n\n\n\n<p class=\"has-text-align-center has-base-2-color has-text-color has-link-color wp-elements-c2b7579b2159484ca404da9f39bc1921\">Milhares de <em>fiesters<\/em> em Portugal est\u00e3o \u00e0 sua espera no aplicativo. <\/p>\n\n\n\n<div class=\"wp-block-buttons is-content-justification-center is-layout-flex wp-container-core-buttons-is-layout-a89b3969 wp-block-buttons-is-layout-flex\">\n<div class=\"wp-block-button is-style-fill\"><a class=\"wp-block-button__link has-base-2-color has-text-color has-background has-link-color wp-element-button\" href=\"https:\/\/form.typeform.com\/to\/SnnuYcOZ\" style=\"border-style:none;border-width:0px;background-color:#ff6701\">Registe-se gratuitamente<\/a><\/div>\n<\/div>\n\n\n\n<div style=\"height:var(--wp--preset--spacing--10)\" aria-hidden=\"true\" class=\"wp-block-spacer\"><\/div>\n<\/div>\n<\/div>\n\n          \n\n          <div data-tf-live=\"01JHFJEJER5T64P5PPADN32WC4\"><\/div>\n          <script src=\"\/\/embed.typeform.com\/next\/embed.js\"><\/script>\n          \n\n        \n","protected":false},"excerpt":{"rendered":"<p>Dating sem tabus Crie o seu perfil e adicione os seus gostos. Explore e descubra planos e pessoas que lhe interessam. Encontre &#8220;partners in crime&#8221; para a sua pr\u00f3xima aventura Filtre o que procura, descubra planos e datas na sua regi\u00e3o e conhe\u00e7a pessoas com as mesmas fantasias que voc\u00ea. Divirta-se a partilhar Posts e [&hellip;]<\/p>\n","protected":false},"author":5,"featured_media":0,"parent":0,"menu_order":0,"comment_status":"closed","ping_status":"closed","template":"page-no-title","meta":{"footnotes":""},"class_list":["post-43365","page","type-page","status-publish","hentry"],"_links":{"self":[{"href":"https:\/\/fiesters.com\/pt-pt\/wp-json\/wp\/v2\/pages\/43365","targetHints":{"allow":["GET"]}}],"collection":[{"href":"https:\/\/fiesters.com\/pt-pt\/wp-json\/wp\/v2\/pages"}],"about":[{"href":"https:\/\/fiesters.com\/pt-pt\/wp-json\/wp\/v2\/types\/page"}],"author":[{"embeddable":true,"href":"https:\/\/fiesters.com\/pt-pt\/wp-json\/wp\/v2\/users\/5"}],"replies":[{"embeddable":true,"href":"https:\/\/fiesters.com\/pt-pt\/wp-json\/wp\/v2\/comments?post=43365"}],"version-history":[{"count":1,"href":"https:\/\/fiesters.com\/pt-pt\/wp-json\/wp\/v2\/pages\/43365\/revisions"}],"predecessor-version":[{"id":43378,"href":"https:\/\/fiesters.com\/pt-pt\/wp-json\/wp\/v2\/pages\/43365\/revisions\/43378"}],"wp:attachment":[{"href":"https:\/\/fiesters.com\/pt-pt\/wp-json\/wp\/v2\/media?parent=43365"}],"curies":[{"name":"wp","href":"https:\/\/api.w.org\/{rel}","templated":true}]}}