{"id":43363,"date":"2025-02-10T13:51:25","date_gmt":"2025-02-10T11:51:25","guid":{"rendered":"https:\/\/fiesters.com\/web-official-fiesters-app\/"},"modified":"2026-01-02T21:05:08","modified_gmt":"2026-01-02T19:05:08","slug":"web-official-fiesters-app","status":"publish","type":"page","link":"https:\/\/fiesters.com\/pt-pt\/","title":{"rendered":"Web Official Fiesters app"},"content":{"rendered":"\n<div class=\"wp-block-group alignfull has-background has-global-padding is-layout-constrained wp-block-group-is-layout-constrained\" style=\"background-color:#000000;margin-bottom:-30px\">\n<div class=\"wp-block-cover alignfull is-light has-custom-content-position is-position-top-center\" style=\"padding-top:0;padding-bottom:0\"><video class=\"wp-block-cover__video-background intrinsic-ignore\" autoplay muted loop playsinline src=\"https:\/\/fiesters.com\/wp-content\/uploads\/2025\/12\/openart-video_19c68eac_1766522748759-1.mp4\" data-object-fit=\"cover\"><\/video><span aria-hidden=\"true\" class=\"wp-block-cover__background has-background-dim\"><\/span><div class=\"wp-block-cover__inner-container is-layout-flow wp-block-cover-is-layout-flow\">\n<div style=\"height:50px\" aria-hidden=\"true\" class=\"wp-block-spacer\"><\/div>\n\n\n\n<h1 class=\"wp-block-heading has-base-2-color has-text-color has-link-color wp-elements-dc174bb15c4a47506387ffc9ce43e47a\" style=\"margin-top:130px;margin-left:var(--wp--preset--spacing--10);font-size:clamp(33.419px, 2.089rem + ((1vw - 3.2px) * 2.769), 60px);\"><strong>PLANOS QUE CONECTAM<\/strong><\/h1>\n\n\n\n<p class=\"has-base-2-color has-text-color has-link-color wp-elements-193c8ef32be49bf8ea60c73d138a1c94\" style=\"margin-left:var(--wp--preset--spacing--10);font-size:clamp(18.959px, 1.185rem + ((1vw - 3.2px) * 1.15), 30px);font-style:normal;font-weight:700;line-height:1.1\">Nem tudo come\u00e7a com um \u201cmatch\u201d.<\/p>\n\n\n\n<div style=\"height:10px\" aria-hidden=\"true\" class=\"wp-block-spacer\"><\/div>\n\n\n\n<div class=\"wp-block-buttons is-vertical is-content-justification-left is-nowrap is-layout-flex wp-container-core-buttons-is-layout-adb0ede0 wp-block-buttons-is-layout-flex\" style=\"margin-top:0;margin-bottom:0;padding-right:var(--wp--preset--spacing--10);padding-left:var(--wp--preset--spacing--10)\">\n<div class=\"wp-block-button is-style-outline is-style-outline--1\"><a class=\"wp-block-button__link has-base-color has-text-color has-link-color has-custom-font-size wp-element-button\" href=\"https:\/\/www.instagram.com\/fiesters_official\/\" style=\"border-width:2px;border-radius:17px;padding-right:var(--wp--preset--spacing--10);padding-left:var(--wp--preset--spacing--10);font-size:clamp(1.039rem, 1.039rem + ((1vw - 0.2rem) * 0.935), 1.6rem);\">Pede o teu convite<\/a><\/div>\n<\/div>\n\n\n\n<div style=\"height:30px\" aria-hidden=\"true\" class=\"wp-block-spacer\"><\/div>\n\n\n\n<div class=\"wp-block-group is-nowrap is-layout-flex wp-container-core-group-is-layout-83281f45 wp-block-group-is-layout-flex\" style=\"padding-right:var(--wp--preset--spacing--10);padding-left:var(--wp--preset--spacing--10)\">\n<figure class=\"wp-block-image size-full is-resized\"><a href=\"https:\/\/apps.apple.com\/es\/app\/fiesters\/id1522461460\"><img loading=\"lazy\" decoding=\"async\" width=\"484\" height=\"159\" src=\"https:\/\/fiesters.com\/wp-content\/uploads\/2023\/01\/fiesters-app-download-apple-store.png\" alt=\"Download Fiesters app on apple store\" class=\"wp-image-35910\" style=\"width:128px;height:auto\" srcset=\"https:\/\/fiesters.com\/wp-content\/uploads\/2023\/01\/fiesters-app-download-apple-store.png 484w, https:\/\/fiesters.com\/wp-content\/uploads\/2023\/01\/fiesters-app-download-apple-store-300x99.png 300w, https:\/\/fiesters.com\/wp-content\/uploads\/2023\/01\/fiesters-app-download-apple-store-320x105.png 320w, https:\/\/fiesters.com\/wp-content\/uploads\/2023\/01\/fiesters-app-download-apple-store-480x158.png 480w\" sizes=\"auto, (max-width: 484px) 100vw, 484px\" \/><\/a><\/figure>\n\n\n\n<figure class=\"wp-block-image size-full is-resized\"><a href=\"https:\/\/play.google.com\/store\/apps\/details?id=com.fiesters.app&amp;hl=en\"><img loading=\"lazy\" decoding=\"async\" width=\"485\" height=\"159\" src=\"https:\/\/fiesters.com\/wp-content\/uploads\/2023\/01\/fiesters-app-download-google-play.png\" alt=\"\" class=\"wp-image-35916\" style=\"width:128px;height:auto\" srcset=\"https:\/\/fiesters.com\/wp-content\/uploads\/2023\/01\/fiesters-app-download-google-play.png 485w, https:\/\/fiesters.com\/wp-content\/uploads\/2023\/01\/fiesters-app-download-google-play-300x98.png 300w, https:\/\/fiesters.com\/wp-content\/uploads\/2023\/01\/fiesters-app-download-google-play-320x105.png 320w, https:\/\/fiesters.com\/wp-content\/uploads\/2023\/01\/fiesters-app-download-google-play-480x157.png 480w\" sizes=\"auto, (max-width: 485px) 100vw, 485px\" \/><\/a><\/figure>\n<\/div>\n<\/div><\/div>\n\n\n\n<div style=\"height:10px\" aria-hidden=\"true\" class=\"wp-block-spacer\"><\/div>\n\n\n\n<div style=\"height:50px\" aria-hidden=\"true\" class=\"wp-block-spacer\"><\/div>\n\n\n\n<div class=\"wp-block-group alignfull has-background is-layout-flow wp-block-group-is-layout-flow\" style=\"background-color:#000000;padding-right:var(--wp--preset--spacing--20);padding-left:var(--wp--preset--spacing--20)\">\n<h2 class=\"wp-block-heading has-text-align-center has-base-2-color has-text-color has-link-color has-unbounded-font-family wp-elements-03424ea2c03b04db02a4f90add61e1bb\" style=\"font-size:clamp(20px, 1.25rem + ((1vw - 3.2px) * 1.25), 32px);font-style:normal;font-weight:500\">N\u00c3O \u00c9 UMA APP DE ENCONTROS<\/h2>\n\n\n\n<p class=\"has-text-align-center has-base-2-color has-text-color has-link-color wp-elements-a83aaba884d6d91cd0f5be1622aa5bc5\" style=\"font-size:clamp(16.834px, 1.052rem + ((1vw - 3.2px) * 0.955), 26px);\">N\u00e3o h\u00e1 \u201cswipes\u201d.<br>Conectas quando faz sentido. Quando \u00e9 o momento certo. <\/p>\n<\/div>\n\n\n\n<div style=\"height:40px\" aria-hidden=\"true\" class=\"wp-block-spacer\"><\/div>\n\n\n\n<div class=\"wp-block-group alignfull is-layout-flow wp-block-group-is-layout-flow\">\n<h2 class=\"wp-block-heading has-text-align-center has-base-2-color has-text-color has-link-color has-unbounded-font-family wp-elements-ea5f3dc920f2808f8a61f3a9d866abb5\" style=\"font-size:clamp(20px, 1.25rem + ((1vw - 3.2px) * 1.25), 32px);font-style:normal;font-weight:500\">SEM PRESS\u00d5ES<\/h2>\n\n\n\n<p class=\"has-text-align-center has-base-2-color has-text-color has-link-color wp-elements-a202c2804e45bd8d99123f9cb66de98c\" style=\"font-size:clamp(16.834px, 1.052rem + ((1vw - 3.2px) * 0.955), 26px);\">N\u00e3o h\u00e1 exposi\u00e7\u00e3o constante. N\u00e3o h\u00e1 pressa. O que v\u00eas acontece quando existe interesse, contexto e uma energia compat\u00edvel.  <br><\/p>\n<\/div>\n\n\n\n<div class=\"wp-block-group alignfull is-layout-flow wp-block-group-is-layout-flow has-background\" style=\"padding-top:var(--wp--preset--spacing--60);padding-right:var(--wp--preset--spacing--40);padding-bottom:var(--wp--preset--spacing--60);padding-left:var(--wp--preset--spacing--40);background-image:url(&#039;https:\/\/fiesters.com\/wp-content\/uploads\/2025\/12\/AA4.png&#039;);background-size:cover;\">\n<div style=\"height:30px\" aria-hidden=\"true\" class=\"wp-block-spacer\"><\/div>\n\n\n\n<h2 class=\"wp-block-heading has-text-align-center has-base-2-color has-text-color has-link-color has-unbounded-font-family wp-elements-7a575aadd7afd6ec275e116c92b3da54\" style=\"font-size:clamp(20px, 1.25rem + ((1vw - 3.2px) * 1.25), 32px);\">NEM TUDO \u00c9 VIS\u00cdVEL<\/h2>\n\n\n\n<p class=\"has-text-align-center has-base-2-color has-text-color has-link-color wp-elements-cc7448db71b3f1c7d8fccbe296c5bc28\" style=\"font-size:clamp(16.834px, 1.052rem + ((1vw - 3.2px) * 0.955), 26px);font-style:normal;font-weight:600\">Conectas quando h\u00e1 afinidade m\u00fatua e uma inten\u00e7\u00e3o partilhada.<\/p>\n\n\n\n<div style=\"height:20px\" aria-hidden=\"true\" class=\"wp-block-spacer\"><\/div>\n\n\n\n<div class=\"wp-block-buttons is-vertical is-content-justification-center is-nowrap is-layout-flex wp-container-core-buttons-is-layout-61ba0a95 wp-block-buttons-is-layout-flex\" style=\"margin-top:0;margin-bottom:0;padding-right:var(--wp--preset--spacing--10);padding-left:var(--wp--preset--spacing--10)\">\n<div class=\"wp-block-button is-style-outline is-style-outline--2\"><a class=\"wp-block-button__link has-base-color has-text-color has-link-color has-custom-font-size wp-element-button\" href=\"https:\/\/www.instagram.com\/fiesters_official\/\" style=\"border-width:2px;border-radius:17px;padding-right:var(--wp--preset--spacing--10);padding-left:var(--wp--preset--spacing--10);font-size:clamp(1.039rem, 1.039rem + ((1vw - 0.2rem) * 0.935), 1.6rem);\">Consegue o teu convite<\/a><\/div>\n<\/div>\n<\/div>\n\n\n\n<div class=\"wp-block-group alignwide is-layout-flow wp-block-group-is-layout-flow\">\n<div style=\"height:30px\" aria-hidden=\"true\" class=\"wp-block-spacer\"><\/div>\n\n\n\n<h2 class=\"wp-block-heading has-text-align-center has-base-2-color has-text-color has-link-color has-unbounded-font-family wp-elements-a347fe8e32cac60d325ef227c1d75515\" style=\"font-size:clamp(20px, 1.25rem + ((1vw - 3.2px) * 1.25), 32px);\">N\u00c3O \u00c9 PARA TOD@S<\/h2>\n\n\n\n<div class=\"wp-block-columns is-layout-flex wp-container-core-columns-is-layout-658170e2 wp-block-columns-is-layout-flex\">\n<div class=\"wp-block-column is-layout-flow wp-block-column-is-layout-flow\">\n<p class=\"has-text-align-center has-base-2-color has-text-color has-link-color has-unbounded-font-family wp-elements-cd35745910d49c4b44008e33ab7f7ac6\" style=\"font-size:clamp(14px, 0.875rem + ((1vw - 3.2px) * 0.625), 20px);font-style:normal;font-weight:900\">PESSOAS CURIOSAS<\/p>\n\n\n\n<p class=\"has-text-align-center has-base-2-color has-text-color has-link-color has-medium-font-size wp-elements-e840547d2e0fe005a3c4f5b6dbdc777b\">Que procuram algo diferente sem saber exatamente o qu\u00ea.<\/p>\n<\/div>\n\n\n\n<div class=\"wp-block-column is-layout-flow wp-block-column-is-layout-flow\">\n<p class=\"has-text-align-center has-base-2-color has-text-color has-link-color has-unbounded-font-family wp-elements-3395f888399c1403757a93631a8a7703\" style=\"font-size:clamp(14px, 0.875rem + ((1vw - 3.2px) * 0.625), 20px);font-style:normal;font-weight:900\">ENERGIA SOCIAL<\/p>\n\n\n\n<p class=\"has-text-align-center has-base-2-color has-text-color has-link-color has-medium-font-size wp-elements-626a3965bd7bbf4ef1ca32cc11e2b0d1\">Que entende a energia de um encontro real.<\/p>\n<\/div>\n\n\n\n<div class=\"wp-block-column is-layout-flow wp-block-column-is-layout-flow\">\n<p class=\"has-text-align-center has-base-2-color has-text-color has-link-color has-unbounded-font-family wp-elements-cb9db6c5644c11a04c3b7f7b19798729\" style=\"font-size:clamp(14px, 0.875rem + ((1vw - 3.2px) * 0.625), 20px);font-style:normal;font-weight:900\">MENTES ABERTAS<\/p>\n\n\n\n<p class=\"has-text-align-center has-base-2-color has-text-color has-link-color has-medium-font-size wp-elements-246321f26080d9e1119bbbdca20e8503\">Sem tags r\u00edgidos nem expectativas fechadas.<\/p>\n<\/div>\n\n\n\n<div class=\"wp-block-column is-layout-flow wp-block-column-is-layout-flow\">\n<p class=\"has-text-align-center has-base-2-color has-text-color has-link-color has-unbounded-font-family wp-elements-b63c4bdaf32c9054470c130d7bddbc62\" style=\"font-size:clamp(14px, 0.875rem + ((1vw - 3.2px) * 0.625), 20px);font-style:normal;font-weight:900\">COM CRIT\u00c9RIO<\/p>\n\n\n\n<p class=\"has-text-align-center has-base-2-color has-text-color has-link-color has-medium-font-size wp-elements-4a069322f18faeec4c0a8aff9eb5b369\">Que valorizam a conex\u00e3o antes da exposi\u00e7\u00e3o.<br><\/p>\n<\/div>\n<\/div>\n<\/div>\n\n\n\n<div style=\"height:100px\" aria-hidden=\"true\" class=\"wp-block-spacer\"><\/div>\n<\/div>\n","protected":false},"excerpt":{"rendered":"<p>N\u00c3O \u00c9 UMA APP DE ENCONTROS N\u00e3o h\u00e1 \u201cswipes\u201d.Conectas quando faz sentido. Quando \u00e9 o momento certo. SEM PRESS\u00d5ES N\u00e3o h\u00e1 exposi\u00e7\u00e3o constante. N\u00e3o h\u00e1 pressa. O que v\u00eas acontece quando existe interesse, contexto e uma energia compat\u00edvel. NEM TUDO \u00c9 VIS\u00cdVEL Conectas quando h\u00e1 afinidade m\u00fatua e uma inten\u00e7\u00e3o partilhada. N\u00c3O \u00c9 PARA TOD@S [&hellip;]<\/p>\n","protected":false},"author":5,"featured_media":0,"parent":0,"menu_order":0,"comment_status":"closed","ping_status":"closed","template":"front-black","meta":{"footnotes":""},"class_list":["post-43363","page","type-page","status-publish","hentry"],"_links":{"self":[{"href":"https:\/\/fiesters.com\/pt-pt\/wp-json\/wp\/v2\/pages\/43363","targetHints":{"allow":["GET"]}}],"collection":[{"href":"https:\/\/fiesters.com\/pt-pt\/wp-json\/wp\/v2\/pages"}],"about":[{"href":"https:\/\/fiesters.com\/pt-pt\/wp-json\/wp\/v2\/types\/page"}],"author":[{"embeddable":true,"href":"https:\/\/fiesters.com\/pt-pt\/wp-json\/wp\/v2\/users\/5"}],"replies":[{"embeddable":true,"href":"https:\/\/fiesters.com\/pt-pt\/wp-json\/wp\/v2\/comments?post=43363"}],"version-history":[{"count":5,"href":"https:\/\/fiesters.com\/pt-pt\/wp-json\/wp\/v2\/pages\/43363\/revisions"}],"predecessor-version":[{"id":46484,"href":"https:\/\/fiesters.com\/pt-pt\/wp-json\/wp\/v2\/pages\/43363\/revisions\/46484"}],"wp:attachment":[{"href":"https:\/\/fiesters.com\/pt-pt\/wp-json\/wp\/v2\/media?parent=43363"}],"curies":[{"name":"wp","href":"https:\/\/api.w.org\/{rel}","templated":true}]}}